
    
    {"id":12,"date":"2015-04-21T21:36:01","date_gmt":"2015-04-21T21:36:01","guid":{"rendered":"http:\/\/lacasadelosrodamientos.com\/?page_id=12"},"modified":"2019-10-25T15:34:32","modified_gmt":"2019-10-25T15:34:32","slug":"quienes-somos","status":"publish","type":"page","link":"https:\/\/lacasadelosrodamientos.com\/?page_id=12","title":{"rendered":"QUIENES SOMOS"},"content":{"rendered":"<p style=\"text-align: center;\"><a href=\"http:\/\/lacasadelosrodamientos.com\/wp-content\/uploads\/2015\/04\/timken-24.png\"><img loading=\"lazy\" decoding=\"async\" class=\"alignnone size-medium wp-image-39\" src=\"http:\/\/lacasadelosrodamientos.com\/wp-content\/uploads\/2015\/04\/timken-24-300x300.png\" alt=\"timken-24\" width=\"300\" height=\"300\" srcset=\"https:\/\/lacasadelosrodamientos.com\/wp-content\/uploads\/2015\/04\/timken-24-300x300.png 300w, https:\/\/lacasadelosrodamientos.com\/wp-content\/uploads\/2015\/04\/timken-24-150x150.png 150w, https:\/\/lacasadelosrodamientos.com\/wp-content\/uploads\/2015\/04\/timken-24.png 956w\" sizes=\"auto, (max-width: 300px) 100vw, 300px\" \/><\/a><\/p>\n<p><strong>Quienes somos<\/strong><\/p>\n<p><strong>La Casa de Los Rodamientos <\/strong>es una empresa guatemalteca con 12 a\u00f1os de servicio, dedicados a la importaci\u00f3n, distribuci\u00f3n y comercializaci\u00f3n de rodamientos Automotrices e Industriales para todo tipo de veh\u00edculos americanos, japoneses y coreanos.<\/p>\n<p>Contamos con un amplio stock de rodamientos y personal calificado para brindarle un mejor servicio.<\/p>\n<p>Actualmente contamos con 11 puntos de ventas a nivel nacional y uno en el extranjero (Honduras).<\/p>\n<p>Somos importadores directos de rodamientos de alta calidad que nos permite garantizarle y ofrecerle mejores precios y confianza.<\/p>\n<table>\n<tbody>\n<tr>\n<td width=\"50%\"><strong>Nuestra Visi\u00f3n<\/strong><\/p>\n<ul>\n<li>Ser una empresa L\u00edder en la comercializaci\u00f3n de rodamientos para todo tipo veh\u00edculos, tener altos indices de calidad y servicio, estar a la vanguardia de la tecnolog\u00eda y el conocimiento t\u00e9cnico para satisfacer las necesidades y expectativas de nuestros clientes y as\u00ed contribuir al desarrollo econ\u00f3mico de nuestro pa\u00eds y por ende el bienestar de nuestros colaboradores.<\/li>\n<\/ul>\n<\/td>\n<td width=\"50%\"><strong>Nuestra Misi\u00f3n<\/strong><\/p>\n<ul>\n<li>Proveer a nuestros clientes, una amplia variedad de rodamientos para autom\u00f3viles de alta calidad y un servicio de excelencia, capacitando constantemente a nuestro personal y asi brindar una buena asesor\u00eda y satisfacer las necesidades de nuestros clientes.<\/li>\n<\/ul>\n<\/td>\n<\/tr>\n<\/tbody>\n<\/table>\n","protected":false},"excerpt":{"rendered":"<p>Quienes somos La Casa de Los Rodamientos es una empresa guatemalteca con 12 a\u00f1os de servicio, dedicados a la importaci\u00f3n, distribuci\u00f3n y comercializaci\u00f3n de rodamientos Automotrices e Industriales para todo tipo de veh\u00edculos americanos, japoneses y coreanos. Contamos con un amplio stock de rodamientos y personal calificado para brindarle un mejor servicio. Actualmente contamos con [&hellip;]<\/p>\n","protected":false},"author":2,"featured_media":0,"parent":0,"menu_order":0,"comment_status":"open","ping_status":"closed","template":"","meta":{"footnotes":""},"class_list":["post-12","page","type-page","status-publish","hentry"],"_links":{"self":[{"href":"https:\/\/lacasadelosrodamientos.com\/index.php?rest_route=\/wp\/v2\/pages\/12","targetHints":{"allow":["GET"]}}],"collection":[{"href":"https:\/\/lacasadelosrodamientos.com\/index.php?rest_route=\/wp\/v2\/pages"}],"about":[{"href":"https:\/\/lacasadelosrodamientos.com\/index.php?rest_route=\/wp\/v2\/types\/page"}],"author":[{"embeddable":true,"href":"https:\/\/lacasadelosrodamientos.com\/index.php?rest_route=\/wp\/v2\/users\/2"}],"replies":[{"embeddable":true,"href":"https:\/\/lacasadelosrodamientos.com\/index.php?rest_route=%2Fwp%2Fv2%2Fcomments&post=12"}],"version-history":[{"count":4,"href":"https:\/\/lacasadelosrodamientos.com\/index.php?rest_route=\/wp\/v2\/pages\/12\/revisions"}],"predecessor-version":[{"id":201,"href":"https:\/\/lacasadelosrodamientos.com\/index.php?rest_route=\/wp\/v2\/pages\/12\/revisions\/201"}],"wp:attachment":[{"href":"https:\/\/lacasadelosrodamientos.com\/index.php?rest_route=%2Fwp%2Fv2%2Fmedia&parent=12"}],"curies":[{"name":"wp","href":"https:\/\/api.w.org\/{rel}","templated":true}]}}